{"id":4148,"date":"2019-10-05T00:42:40","date_gmt":"2019-10-04T22:42:40","guid":{"rendered":"http:\/\/www.wonderpetasse.com\/?page_id=4148"},"modified":"2019-10-05T00:42:46","modified_gmt":"2019-10-04T22:42:46","slug":"blog","status":"publish","type":"page","link":"https:\/\/www.wonderpetasse.com\/fr_fr\/blog\/","title":{"rendered":"Blog"},"content":{"rendered":"","protected":false},"excerpt":{"rendered":"","protected":false},"author":1,"featured_media":0,"parent":0,"menu_order":0,"comment_status":"closed","ping_status":"closed","template":"","meta":{"footnotes":""},"class_list":["post-4148","page","type-page","status-publish","hentry"],"yoast_head":"<!-- This site is optimized with the Yoast SEO plugin v24.9 - https:\/\/yoast.com\/wordpress\/plugins\/seo\/ -->\n<title>Blog &#8902; La cuisine de Wonderp\u00e9tasse<\/title>\n<meta name=\"robots\" content=\"index, follow, max-snippet:-1, max-image-preview:large, max-video-preview:-1\" \/>\n<link rel=\"canonical\" href=\"https:\/\/www.wonderpetasse.com\/fr_fr\/blog\/\" \/>\n<meta property=\"og:locale\" content=\"fr_FR\" \/>\n<meta property=\"og:type\" content=\"article\" \/>\n<meta property=\"og:title\" content=\"Blog &#8902; La cuisine de Wonderp\u00e9tasse\" \/>\n<meta property=\"og:url\" content=\"https:\/\/www.wonderpetasse.com\/fr_fr\/blog\/\" \/>\n<meta property=\"og:site_name\" content=\"La cuisine de Wonderp\u00e9tasse\" \/>\n<meta property=\"article:publisher\" content=\"https:\/\/www.facebook.com\/Wonderpetasse\/\" \/>\n<meta property=\"article:modified_time\" content=\"2019-10-04T22:42:46+00:00\" \/>\n<meta name=\"twitter:card\" content=\"summary_large_image\" \/>\n<meta name=\"twitter:site\" content=\"@Wonderpetasse\" \/>\n<script type=\"application\/ld+json\" class=\"yoast-schema-graph\">{\"@context\":\"https:\/\/schema.org\",\"@graph\":[{\"@type\":[\"WebPage\",\"CollectionPage\"],\"@id\":\"https:\/\/www.wonderpetasse.com\/blog\/\",\"url\":\"https:\/\/www.wonderpetasse.com\/blog\/\",\"name\":\"Blog &#8902; La cuisine de Wonderp\u00e9tasse\",\"isPartOf\":{\"@id\":\"https:\/\/www.wonderpetasse.com\/#website\"},\"datePublished\":\"2019-10-04T22:42:40+00:00\",\"dateModified\":\"2019-10-04T22:42:46+00:00\",\"breadcrumb\":{\"@id\":\"https:\/\/www.wonderpetasse.com\/blog\/#breadcrumb\"},\"inLanguage\":\"fr-FR\"},{\"@type\":\"BreadcrumbList\",\"@id\":\"https:\/\/www.wonderpetasse.com\/blog\/#breadcrumb\",\"itemListElement\":[{\"@type\":\"ListItem\",\"position\":1,\"name\":\"Accueil\",\"item\":\"https:\/\/www.wonderpetasse.com\/\"},{\"@type\":\"ListItem\",\"position\":2,\"name\":\"Blog\"}]},{\"@type\":\"WebSite\",\"@id\":\"https:\/\/www.wonderpetasse.com\/#website\",\"url\":\"https:\/\/www.wonderpetasse.com\/\",\"name\":\"La cuisine de Wonderp\u00e9tasse\",\"description\":\"La cuisine, mon addiction !\",\"potentialAction\":[{\"@type\":\"SearchAction\",\"target\":{\"@type\":\"EntryPoint\",\"urlTemplate\":\"https:\/\/www.wonderpetasse.com\/?s={search_term_string}\"},\"query-input\":{\"@type\":\"PropertyValueSpecification\",\"valueRequired\":true,\"valueName\":\"search_term_string\"}}],\"inLanguage\":\"fr-FR\"}]}<\/script>\n<!-- \/ Yoast SEO plugin. -->","yoast_head_json":{"title":"Blog &#8902; La cuisine de Wonderp\u00e9tasse","robots":{"index":"index","follow":"follow","max-snippet":"max-snippet:-1","max-image-preview":"max-image-preview:large","max-video-preview":"max-video-preview:-1"},"canonical":"https:\/\/www.wonderpetasse.com\/fr_fr\/blog\/","og_locale":"fr_FR","og_type":"article","og_title":"Blog &#8902; La cuisine de Wonderp\u00e9tasse","og_url":"https:\/\/www.wonderpetasse.com\/fr_fr\/blog\/","og_site_name":"La cuisine de Wonderp\u00e9tasse","article_publisher":"https:\/\/www.facebook.com\/Wonderpetasse\/","article_modified_time":"2019-10-04T22:42:46+00:00","twitter_card":"summary_large_image","twitter_site":"@Wonderpetasse","schema":{"@context":"https:\/\/schema.org","@graph":[{"@type":["WebPage","CollectionPage"],"@id":"https:\/\/www.wonderpetasse.com\/blog\/","url":"https:\/\/www.wonderpetasse.com\/blog\/","name":"Blog &#8902; La cuisine de Wonderp\u00e9tasse","isPartOf":{"@id":"https:\/\/www.wonderpetasse.com\/#website"},"datePublished":"2019-10-04T22:42:40+00:00","dateModified":"2019-10-04T22:42:46+00:00","breadcrumb":{"@id":"https:\/\/www.wonderpetasse.com\/blog\/#breadcrumb"},"inLanguage":"fr-FR"},{"@type":"BreadcrumbList","@id":"https:\/\/www.wonderpetasse.com\/blog\/#breadcrumb","itemListElement":[{"@type":"ListItem","position":1,"name":"Accueil","item":"https:\/\/www.wonderpetasse.com\/"},{"@type":"ListItem","position":2,"name":"Blog"}]},{"@type":"WebSite","@id":"https:\/\/www.wonderpetasse.com\/#website","url":"https:\/\/www.wonderpetasse.com\/","name":"La cuisine de Wonderp\u00e9tasse","description":"La cuisine, mon addiction !","potentialAction":[{"@type":"SearchAction","target":{"@type":"EntryPoint","urlTemplate":"https:\/\/www.wonderpetasse.com\/?s={search_term_string}"},"query-input":{"@type":"PropertyValueSpecification","valueRequired":true,"valueName":"search_term_string"}}],"inLanguage":"fr-FR"}]}},"jetpack_sharing_enabled":true,"jetpack_shortlink":"https:\/\/wp.me\/P89XWY-14U","jetpack-related-posts":[{"id":9,"url":"https:\/\/www.wonderpetasse.com\/fr_fr\/a-propos-dune-wonderpetasse\/","url_meta":{"origin":4148,"position":0},"title":"A propos d&#8217;une Wonderp\u00e9tasse","author":"Wonderp\u00e9tasse","date":"20 novembre 2016","format":false,"excerpt":"Bienvenue dans ma cuisine ! Il n'y a pas tr\u00e8s longtemps encore, je ne savais pas cuire un quatre quart ! Click sur ma toque, si tu veux d\u00e9couvrir qui je suis !","rel":"","context":"Avec 22 commentaires","block_context":{"text":"Avec 22 commentaires","link":"https:\/\/www.wonderpetasse.com\/fr_fr\/a-propos-dune-wonderpetasse\/#comments"},"img":{"alt_text":"","src":"https:\/\/i0.wp.com\/www.wonderpetasse.com\/wp-content\/uploads\/2018\/01\/0150e2c33cbaadeda18e060824fe4a04b19aeb6be3.jpg?fit=398%2C398&ssl=1&resize=350%2C200","width":350,"height":200},"classes":[]},{"id":3036,"url":"https:\/\/www.wonderpetasse.com\/fr_fr\/mes-must-have-tous-les-indispensables-en-cuisine\/","url_meta":{"origin":4148,"position":1},"title":"Mes Must Have : tous les indispensables en cuisine !","author":"Wonderp\u00e9tasse","date":"14 f\u00e9vrier 2018","format":false,"excerpt":"Tous les indispensables \u00e0 avoir en cuisine : les Must Have !","rel":"","context":"Article similaire","block_context":{"text":"Article similaire","link":""},"img":{"alt_text":"","src":"\/\/ir-fr.amazon-adsystem.com\/e\/ir?t=wonderpetasse-21&l=am2&o=8&a=B074SR9V9J","width":350,"height":200},"classes":[]}],"jetpack_likes_enabled":true,"_links":{"self":[{"href":"https:\/\/www.wonderpetasse.com\/fr_fr\/wp-json\/wp\/v2\/pages\/4148","targetHints":{"allow":["GET"]}}],"collection":[{"href":"https:\/\/www.wonderpetasse.com\/fr_fr\/wp-json\/wp\/v2\/pages"}],"about":[{"href":"https:\/\/www.wonderpetasse.com\/fr_fr\/wp-json\/wp\/v2\/types\/page"}],"author":[{"embeddable":true,"href":"https:\/\/www.wonderpetasse.com\/fr_fr\/wp-json\/wp\/v2\/users\/1"}],"replies":[{"embeddable":true,"href":"https:\/\/www.wonderpetasse.com\/fr_fr\/wp-json\/wp\/v2\/comments?post=4148"}],"version-history":[{"count":1,"href":"https:\/\/www.wonderpetasse.com\/fr_fr\/wp-json\/wp\/v2\/pages\/4148\/revisions"}],"predecessor-version":[{"id":4149,"href":"https:\/\/www.wonderpetasse.com\/fr_fr\/wp-json\/wp\/v2\/pages\/4148\/revisions\/4149"}],"wp:attachment":[{"href":"https:\/\/www.wonderpetasse.com\/fr_fr\/wp-json\/wp\/v2\/media?parent=4148"}],"curies":[{"name":"wp","href":"https:\/\/api.w.org\/{rel}","templated":true}]}}