{"id":378,"date":"2016-12-01T00:02:05","date_gmt":"2016-11-30T23:02:05","guid":{"rendered":"http:\/\/www.wonderpetasse.com\/?page_id=378"},"modified":"2017-04-15T19:45:41","modified_gmt":"2017-04-15T17:45:41","slug":"lexique-culinaire","status":"publish","type":"page","link":"https:\/\/www.wonderpetasse.com\/fr_fr\/lexique-culinaire\/","title":{"rendered":"Lexique culinaire ou Recueil de Miamologie"},"content":{"rendered":"<p>Quand on cuisine et qu&#8217;on est n\u00e9ophyte, comme moi, il y a tout un tas de vocabulaire ou de sp\u00e9cificit\u00e9s techniques dont on ne comprend rien.<\/p>\n<p>Je me revois la premi\u00e8re fois que j&#8217;ai lu qu&#8217;il fallait <em>&#8220;laisser pousser la p\u00e2te&#8221;<\/em> (\u00e0 brioche, \u00e0 pain etc) ou quand j&#8217;ai lu qu&#8217;il fallait employer la farine T45 et non pas la T55 ! Dire que j&#8217;ai \u00e9prouv\u00e9 un grand moment de solitude quand j&#8217;ai lu ces instructions est un doux euph\u00e9misme. J&#8217;ai plut\u00f4t ouvert la bouche en mode <em>&#8220;N\u00e9mo perdu dans l&#8217;oc\u00e9an du monde culinaire&#8221;.<\/em><\/p>\n<p>Naturellement, j&#8217;ai recherch\u00e9 toutes ces informations et les ai trouv\u00e9es (comment diable faisait la m\u00e9nag\u00e8re des ann\u00e9es 50 sans Google et la fen\u00eatre sur le monde \u00e0 laquelle on a toutes et tous acc\u00e8s gr\u00e2ce \u00e0 Internet ?).<\/p>\n<p>Je me propose, \u00e0 mon tour, de vous diffuser ces informations toutes les fois que je les citerai dans une recette et aussi souvent que je me rappellerai ma &#8220;carpe attitude&#8221; lorsque je les avais lues pour la premi\u00e8re fois.<\/p>\n<p>Si d&#8217;aventure, j&#8217;omettais de pr\u00e9ciser un point qui est obscure pour la (le) lecteur\/trice que vous \u00eates, n&#8217;h\u00e9sitez pas \u00e0 me laisser un commentaire sur la recette concern\u00e9e et si je peux vous fournir la r\u00e9ponse, je le ferai bien volontiers.<\/p>\n<p>Rappelez vous, toutefois, que je suis vraiment une modeste d\u00e9butante et que, comme vous, bien souvent, je me retrouve d\u00e9sempar\u00e9e devant la vacuit\u00e9 de mes connaissances culinaires.<\/p>\n<p>Mais, comme Socrate l&#8217;a dit <em>&#8220;La seule chose que je sais, c&#8217;est que je ne sais rien&#8221;<\/em> et si je n&#8217;ai pas la r\u00e9ponse \u00e0 votre question, je suis certaine que ma grande et l\u00e9gendaire curiosit\u00e9 me fera chercher l&#8217;information et sans doute la trouver, pour vous la relayer.<\/p>\n<p>La Miamologie est celle qui est enseign\u00e9e au sein d&#8217;un ouvrage qu&#8217;une grande amie vient de m&#8217;offrir et qui d\u00e9signe l&#8217;ensemble des disciplines n\u00e9cessaires aux gourmandes. La Miamologie explore et d\u00e9crypte la p\u00e2tisserie en s&#8217;attachant tout sp\u00e9cialement au &#8220;pourquoi&#8221; des choses, donnant ainsi les moyens de dompter grandes et petites difficult\u00e9s de l&#8217;Art sucr\u00e9. (D\u00e9finition du Trait\u00e9 de Miamologie)<\/p>\n<p>A tr\u00e8s bient\u00f4t de vous lire,<\/p>\n<p>Wonderp\u00e9tasse<\/p>\n<p>&nbsp;<\/p>\n<h1 style=\"text-align: center;\"><\/h1>\n<h1 style=\"text-align: center;\"><span style=\"text-decoration: underline;\"><strong>LEXIQUE CULINAIRE<\/strong><\/span><\/h1>\n<ul>\n<li>\n<h2><strong><span style=\"color: #cc99ff;\">Beurre Noisette :<\/span><\/strong><\/h2>\n<\/li>\n<\/ul>\n<section class=\"card-part cf card-part--decorated\" style=\"padding-left: 30px;\">\n<div class=\"card-part__body card-part__body--decorated\" style=\"padding-left: 30px;\">\n<div class=\"rich-text\" style=\"padding-left: 30px;\">\n<p style=\"padding-left: 30px;\">Le beurre noisette est un beurre ordinaire, doux ou sal\u00e9, qui, mont\u00e9 en temp\u00e9rature lentement, se dissocie (se clarifie) : l&#8217;eau s&#8217;\u00e9vapore lentement, les lipides accumulent de la chaleur, et la cas\u00e9\u00efne (la mousse du beurre) colore et apporte un go\u00fbt tr\u00e8s particulier a ce beurre auquel on donne d\u00e9sormais le nom de beurre noisette.<\/p>\n<\/div>\n<\/div>\n<\/section>\n<ul>\n<li>\n<h2><strong><span style=\"color: #cc99ff;\">Beurre Pommade :<\/span><\/strong><\/h2>\n<\/li>\n<\/ul>\n<p style=\"padding-left: 30px;\">Beurre \u00e0 temp\u00e9rature ambiante travaill\u00e9 pour qu\u2019il soit lisse et souple.<\/p>\n<div class=\"rich-text\" style=\"padding-left: 30px;\"><\/div>\n<section class=\"card-part cf card-part--decorated\" style=\"padding-left: 30px;\">\n<p class=\"card-part__title card-part__title--decorated\" style=\"padding-left: 30px;\"><em><label class=\"card-part__title-label card-part__title-label--decorated\" for=\"part-9\"> Conseils :<\/label><\/em><\/p>\n<div class=\"card-part__body card-part__body--decorated\" style=\"padding-left: 30px;\">\n<div class=\"rich-text\" style=\"padding-left: 30px;\">\n<p style=\"padding-left: 30px;\">Si la plaquette de beurre n\u2019est pas \u00e0 temp\u00e9rature, couper le beurre en morceaux et venir l\u2019\u00e9craser \u2013 \u00e0 l\u2019aide d\u2019une spatule &#8211; dans un r\u00e9cipient sur un bain-marie d\u2019eau chaude. Quand le beurre commence \u00e0 ramollir, retirer du bain-marie et m\u00e9langer afin d\u2019obtenir un m\u00e9lange lisse qui aura la consistance d\u2019une pommade.<\/p>\n<p>&nbsp;<\/p>\n<\/div>\n<\/div>\n<\/section>\n<ul>\n<li>\n<h2><strong><span style=\"color: #cc99ff;\">Filmer <\/span><\/strong>: au contact<\/h2>\n<p>Poser un film alimentaire directement sur une cr\u00e8me ou une pr\u00e9paration de fa\u00e7on \u00e0 la rendre herm\u00e9tique et donc \u00e0 emp\u00eacher tout contact avec l\u2019air. Cela \u00e9vite la condensation et la formation d\u2019une pellicule en surface.<\/li>\n<li>\n<h2><strong><span style=\"color: #cc99ff;\">Fleurer<\/span> <\/strong>: un plan de travail<\/h2>\n<\/li>\n<\/ul>\n<p style=\"padding-left: 60px;\">R\u00e9pandre de la farine sur un plan de travail afin d\u2019\u00e9viter qu\u2019il ne colle excessivement.<\/p>\n<ul>\n<li>\n<h2><strong><span style=\"color: #cc99ff;\">Monder :<\/span><\/strong>\u00a0une tomate<\/h2>\n<\/li>\n<\/ul>\n<p style=\"padding-left: 60px;\">Retirer la peau d&#8217;un fruit apr\u00e8s l&#8217;avoir plong\u00e9 quelques secondes dans de l&#8217;eau bouillante.<\/p>\n<p style=\"padding-left: 60px;\">Cette technique s&#8217;applique aux tomates, aux p\u00eaches, aux pistaches et aux amandes.<\/p>\n<p style=\"padding-left: 60px;\">Pour les tomates, l&#8217;explication en images est\u00a0<span style=\"text-decoration: underline;\"><strong><span style=\"color: #ff00ff; text-decoration: underline;\"><a style=\"color: #ff00ff; text-decoration: underline;\" href=\"http:\/\/www.wonderpetasse.com\/2017\/01\/03\/crevettes-a-la-coriandre-et-ses-vermicelles-de-riz-au-cookeo\/\" target=\"_blank\">ici<\/a><\/span><\/strong><\/span><\/p>\n<p style=\"padding-left: 60px;\">\n<p style=\"padding-left: 60px;\"><div class=\"jetpack_subscription_widget\"><h2 class=\"widgettitle\">Abonnez-vous \u00e0 ce blog par e-mail.<\/h2>\n\t\t\t<div class=\"wp-block-jetpack-subscriptions__container\">\n\t\t\t<form action=\"#\" method=\"post\" accept-charset=\"utf-8\" id=\"subscribe-blog-1\"\n\t\t\t\tdata-blog=\"120586092\"\n\t\t\t\tdata-post_access_level=\"everybody\" >\n\t\t\t\t\t\t\t\t\t<div id=\"subscribe-text\"><p>Saisissez votre adresse e-mail pour vous abonner \u00e0 ce blog et recevoir une notification de chaque nouvel article par e-mail.<\/p>\n<\/div>\n\t\t\t\t\t\t\t\t\t\t<p id=\"subscribe-email\">\n\t\t\t\t\t\t<label id=\"jetpack-subscribe-label\"\n\t\t\t\t\t\t\tclass=\"screen-reader-text\"\n\t\t\t\t\t\t\tfor=\"subscribe-field-1\">\n\t\t\t\t\t\t\tAdresse e-mail\t\t\t\t\t\t<\/label>\n\t\t\t\t\t\t<input type=\"email\" name=\"email\" autocomplete=\"email\" required=\"required\"\n\t\t\t\t\t\t\t\t\t\t\t\t\t\t\t\t\t\t\t\t\tvalue=\"\"\n\t\t\t\t\t\t\tid=\"subscribe-field-1\"\n\t\t\t\t\t\t\tplaceholder=\"Adresse e-mail\"\n\t\t\t\t\t\t\/>\n\t\t\t\t\t<\/p>\n\n\t\t\t\t\t<p id=\"subscribe-submit\"\n\t\t\t\t\t\t\t\t\t\t\t>\n\t\t\t\t\t\t<input type=\"hidden\" name=\"action\" value=\"subscribe\"\/>\n\t\t\t\t\t\t<input type=\"hidden\" name=\"source\" value=\"https:\/\/www.wonderpetasse.com\/fr_fr\/wp-json\/wp\/v2\/pages\/378\"\/>\n\t\t\t\t\t\t<input type=\"hidden\" name=\"sub-type\" value=\"widget\"\/>\n\t\t\t\t\t\t<input type=\"hidden\" name=\"redirect_fragment\" value=\"subscribe-blog-1\"\/>\n\t\t\t\t\t\t<input type=\"hidden\" id=\"_wpnonce\" name=\"_wpnonce\" value=\"a57ff476ff\" \/><input type=\"hidden\" name=\"_wp_http_referer\" value=\"\/fr_fr\/wp-json\/wp\/v2\/pages\/378\" \/>\t\t\t\t\t\t<button type=\"submit\"\n\t\t\t\t\t\t\t\t\t\t\t\t\t\t\tclass=\"wp-block-button__link\"\n\t\t\t\t\t\t\t\t\t\t\t\t\t\t\t\t\t\t\t\t\t\tstyle=\"margin: 0; margin-left: 0px;\"\n\t\t\t\t\t\t\t\t\t\t\t\t\t\tname=\"jetpack_subscriptions_widget\"\n\t\t\t\t\t\t>\n\t\t\t\t\t\t\tAbonnez-vous\t\t\t\t\t\t<\/button>\n\t\t\t\t\t<\/p>\n\t\t\t\t\t\t\t<\/form>\n\t\t\t\t\t\t<\/div>\n\t\t\t\n<\/div><\/p>\n","protected":false},"excerpt":{"rendered":"<p>Quand on cuisine et qu&#8217;on est n\u00e9ophyte, comme moi, il y a tout un tas de vocabulaire ou de sp\u00e9cificit\u00e9s techniques dont on ne comprend rien. Je me revois la premi\u00e8re fois que j&#8217;ai lu qu&#8217;il fallait &#8220;laisser pousser la p\u00e2te&#8221; (\u00e0 brioche, \u00e0 pain etc) ou quand j&#8217;ai lu qu&#8217;il fallait employer la farine [&hellip;]<\/p>\n","protected":false},"author":1,"featured_media":0,"parent":0,"menu_order":0,"comment_status":"closed","ping_status":"closed","template":"","meta":{"jetpack_post_was_ever_published":false,"footnotes":""},"class_list":["post-378","page","type-page","status-publish","hentry"],"yoast_head":"<!-- This site is optimized with the Yoast SEO plugin v24.9 - https:\/\/yoast.com\/wordpress\/plugins\/seo\/ -->\n<title>Lexique culinaire ou Recueil de Miamologie &#8902; La cuisine de Wonderp\u00e9tasse<\/title>\n<meta name=\"robots\" content=\"index, follow, max-snippet:-1, max-image-preview:large, max-video-preview:-1\" \/>\n<link rel=\"canonical\" href=\"https:\/\/www.wonderpetasse.com\/fr_fr\/lexique-culinaire\/\" \/>\n<meta property=\"og:locale\" content=\"fr_FR\" \/>\n<meta property=\"og:type\" content=\"article\" \/>\n<meta property=\"og:title\" content=\"Lexique culinaire ou Recueil de Miamologie &#8902; La cuisine de Wonderp\u00e9tasse\" \/>\n<meta property=\"og:description\" content=\"Quand on cuisine et qu&#8217;on est n\u00e9ophyte, comme moi, il y a tout un tas de vocabulaire ou de sp\u00e9cificit\u00e9s techniques dont on ne comprend rien. Je me revois la premi\u00e8re fois que j&#8217;ai lu qu&#8217;il fallait &#8220;laisser pousser la p\u00e2te&#8221; (\u00e0 brioche, \u00e0 pain etc) ou quand j&#8217;ai lu qu&#8217;il fallait employer la farine [&hellip;]\" \/>\n<meta property=\"og:url\" content=\"https:\/\/www.wonderpetasse.com\/fr_fr\/lexique-culinaire\/\" \/>\n<meta property=\"og:site_name\" content=\"La cuisine de Wonderp\u00e9tasse\" \/>\n<meta property=\"article:publisher\" content=\"https:\/\/www.facebook.com\/Wonderpetasse\/\" \/>\n<meta property=\"article:modified_time\" content=\"2017-04-15T17:45:41+00:00\" \/>\n<meta name=\"twitter:card\" content=\"summary_large_image\" \/>\n<meta name=\"twitter:site\" content=\"@Wonderpetasse\" \/>\n<meta name=\"twitter:label1\" content=\"Dur\u00e9e de lecture estim\u00e9e\" \/>\n\t<meta name=\"twitter:data1\" content=\"3 minutes\" \/>\n<script type=\"application\/ld+json\" class=\"yoast-schema-graph\">{\"@context\":\"https:\/\/schema.org\",\"@graph\":[{\"@type\":\"WebPage\",\"@id\":\"https:\/\/www.wonderpetasse.com\/lexique-culinaire\/\",\"url\":\"https:\/\/www.wonderpetasse.com\/lexique-culinaire\/\",\"name\":\"Lexique culinaire ou Recueil de Miamologie &#8902; La cuisine de Wonderp\u00e9tasse\",\"isPartOf\":{\"@id\":\"https:\/\/www.wonderpetasse.com\/#website\"},\"datePublished\":\"2016-11-30T23:02:05+00:00\",\"dateModified\":\"2017-04-15T17:45:41+00:00\",\"breadcrumb\":{\"@id\":\"https:\/\/www.wonderpetasse.com\/lexique-culinaire\/#breadcrumb\"},\"inLanguage\":\"fr-FR\",\"potentialAction\":[{\"@type\":\"ReadAction\",\"target\":[\"https:\/\/www.wonderpetasse.com\/lexique-culinaire\/\"]}]},{\"@type\":\"BreadcrumbList\",\"@id\":\"https:\/\/www.wonderpetasse.com\/lexique-culinaire\/#breadcrumb\",\"itemListElement\":[{\"@type\":\"ListItem\",\"position\":1,\"name\":\"Accueil\",\"item\":\"https:\/\/www.wonderpetasse.com\/\"},{\"@type\":\"ListItem\",\"position\":2,\"name\":\"Lexique culinaire ou Recueil de Miamologie\"}]},{\"@type\":\"WebSite\",\"@id\":\"https:\/\/www.wonderpetasse.com\/#website\",\"url\":\"https:\/\/www.wonderpetasse.com\/\",\"name\":\"La cuisine de Wonderp\u00e9tasse\",\"description\":\"La cuisine, mon addiction !\",\"potentialAction\":[{\"@type\":\"SearchAction\",\"target\":{\"@type\":\"EntryPoint\",\"urlTemplate\":\"https:\/\/www.wonderpetasse.com\/?s={search_term_string}\"},\"query-input\":{\"@type\":\"PropertyValueSpecification\",\"valueRequired\":true,\"valueName\":\"search_term_string\"}}],\"inLanguage\":\"fr-FR\"}]}<\/script>\n<!-- \/ Yoast SEO plugin. -->","yoast_head_json":{"title":"Lexique culinaire ou Recueil de Miamologie &#8902; La cuisine de Wonderp\u00e9tasse","robots":{"index":"index","follow":"follow","max-snippet":"max-snippet:-1","max-image-preview":"max-image-preview:large","max-video-preview":"max-video-preview:-1"},"canonical":"https:\/\/www.wonderpetasse.com\/fr_fr\/lexique-culinaire\/","og_locale":"fr_FR","og_type":"article","og_title":"Lexique culinaire ou Recueil de Miamologie &#8902; La cuisine de Wonderp\u00e9tasse","og_description":"Quand on cuisine et qu&#8217;on est n\u00e9ophyte, comme moi, il y a tout un tas de vocabulaire ou de sp\u00e9cificit\u00e9s techniques dont on ne comprend rien. Je me revois la premi\u00e8re fois que j&#8217;ai lu qu&#8217;il fallait &#8220;laisser pousser la p\u00e2te&#8221; (\u00e0 brioche, \u00e0 pain etc) ou quand j&#8217;ai lu qu&#8217;il fallait employer la farine [&hellip;]","og_url":"https:\/\/www.wonderpetasse.com\/fr_fr\/lexique-culinaire\/","og_site_name":"La cuisine de Wonderp\u00e9tasse","article_publisher":"https:\/\/www.facebook.com\/Wonderpetasse\/","article_modified_time":"2017-04-15T17:45:41+00:00","twitter_card":"summary_large_image","twitter_site":"@Wonderpetasse","twitter_misc":{"Dur\u00e9e de lecture estim\u00e9e":"3 minutes"},"schema":{"@context":"https:\/\/schema.org","@graph":[{"@type":"WebPage","@id":"https:\/\/www.wonderpetasse.com\/lexique-culinaire\/","url":"https:\/\/www.wonderpetasse.com\/lexique-culinaire\/","name":"Lexique culinaire ou Recueil de Miamologie &#8902; La cuisine de Wonderp\u00e9tasse","isPartOf":{"@id":"https:\/\/www.wonderpetasse.com\/#website"},"datePublished":"2016-11-30T23:02:05+00:00","dateModified":"2017-04-15T17:45:41+00:00","breadcrumb":{"@id":"https:\/\/www.wonderpetasse.com\/lexique-culinaire\/#breadcrumb"},"inLanguage":"fr-FR","potentialAction":[{"@type":"ReadAction","target":["https:\/\/www.wonderpetasse.com\/lexique-culinaire\/"]}]},{"@type":"BreadcrumbList","@id":"https:\/\/www.wonderpetasse.com\/lexique-culinaire\/#breadcrumb","itemListElement":[{"@type":"ListItem","position":1,"name":"Accueil","item":"https:\/\/www.wonderpetasse.com\/"},{"@type":"ListItem","position":2,"name":"Lexique culinaire ou Recueil de Miamologie"}]},{"@type":"WebSite","@id":"https:\/\/www.wonderpetasse.com\/#website","url":"https:\/\/www.wonderpetasse.com\/","name":"La cuisine de Wonderp\u00e9tasse","description":"La cuisine, mon addiction !","potentialAction":[{"@type":"SearchAction","target":{"@type":"EntryPoint","urlTemplate":"https:\/\/www.wonderpetasse.com\/?s={search_term_string}"},"query-input":{"@type":"PropertyValueSpecification","valueRequired":true,"valueName":"search_term_string"}}],"inLanguage":"fr-FR"}]}},"jetpack_sharing_enabled":true,"jetpack_shortlink":"https:\/\/wp.me\/P89XWY-66","jetpack-related-posts":[{"id":9,"url":"https:\/\/www.wonderpetasse.com\/fr_fr\/a-propos-dune-wonderpetasse\/","url_meta":{"origin":378,"position":0},"title":"A propos d&#8217;une Wonderp\u00e9tasse","author":"Wonderp\u00e9tasse","date":"20 novembre 2016","format":false,"excerpt":"Bienvenue dans ma cuisine ! Il n'y a pas tr\u00e8s longtemps encore, je ne savais pas cuire un quatre quart ! Click sur ma toque, si tu veux d\u00e9couvrir qui je suis !","rel":"","context":"Avec 22 commentaires","block_context":{"text":"Avec 22 commentaires","link":"https:\/\/www.wonderpetasse.com\/fr_fr\/a-propos-dune-wonderpetasse\/#comments"},"img":{"alt_text":"","src":"https:\/\/i0.wp.com\/www.wonderpetasse.com\/wp-content\/uploads\/2018\/01\/0150e2c33cbaadeda18e060824fe4a04b19aeb6be3.jpg?fit=398%2C398&ssl=1&resize=350%2C200","width":350,"height":200},"classes":[]},{"id":3036,"url":"https:\/\/www.wonderpetasse.com\/fr_fr\/mes-must-have-tous-les-indispensables-en-cuisine\/","url_meta":{"origin":378,"position":1},"title":"Mes Must Have : tous les indispensables en cuisine !","author":"Wonderp\u00e9tasse","date":"14 f\u00e9vrier 2018","format":false,"excerpt":"Tous les indispensables \u00e0 avoir en cuisine : les Must Have !","rel":"","context":"Article similaire","block_context":{"text":"Article similaire","link":""},"img":{"alt_text":"","src":"\/\/ir-fr.amazon-adsystem.com\/e\/ir?t=wonderpetasse-21&l=am2&o=8&a=B074SR9V9J","width":350,"height":200},"classes":[]}],"jetpack_likes_enabled":true,"_links":{"self":[{"href":"https:\/\/www.wonderpetasse.com\/fr_fr\/wp-json\/wp\/v2\/pages\/378","targetHints":{"allow":["GET"]}}],"collection":[{"href":"https:\/\/www.wonderpetasse.com\/fr_fr\/wp-json\/wp\/v2\/pages"}],"about":[{"href":"https:\/\/www.wonderpetasse.com\/fr_fr\/wp-json\/wp\/v2\/types\/page"}],"author":[{"embeddable":true,"href":"https:\/\/www.wonderpetasse.com\/fr_fr\/wp-json\/wp\/v2\/users\/1"}],"replies":[{"embeddable":true,"href":"https:\/\/www.wonderpetasse.com\/fr_fr\/wp-json\/wp\/v2\/comments?post=378"}],"version-history":[{"count":12,"href":"https:\/\/www.wonderpetasse.com\/fr_fr\/wp-json\/wp\/v2\/pages\/378\/revisions"}],"predecessor-version":[{"id":1625,"href":"https:\/\/www.wonderpetasse.com\/fr_fr\/wp-json\/wp\/v2\/pages\/378\/revisions\/1625"}],"wp:attachment":[{"href":"https:\/\/www.wonderpetasse.com\/fr_fr\/wp-json\/wp\/v2\/media?parent=378"}],"curies":[{"name":"wp","href":"https:\/\/api.w.org\/{rel}","templated":true}]}}